{"id":498,"date":"2017-08-24T22:02:46","date_gmt":"2017-08-24T20:02:46","guid":{"rendered":"http:\/\/66sgp.net\/wordpress\/?page_id=498"},"modified":"2021-11-27T21:28:31","modified_gmt":"2021-11-27T20:28:31","slug":"presentation","status":"publish","type":"page","link":"http:\/\/66sgp.net\/wordpress\/a-propos\/presentation\/","title":{"rendered":"Pr\u00e9sentation"},"content":{"rendered":"<div class=\"entry\">\n<h1><strong> La F\u00e9d\u00e9ration\u00a0: les Scouts et Guides Pluralistes de Belgique (SGP)<\/strong><\/h1>\n<p>Les Scouts &amp; Guides Pluralistes de Belgique est un mouvement de jeunesse existant d\u00e9j\u00e0 depuis plus de 100 ans en Belgique (cr\u00e9ation en 1910). Le Mouvement est officiellement reconnu par la Communaut\u00e9 fran\u00e7aise de Wallonie-Bruxelles et membre du Conseil de la Jeunesse d\u2019Expression fran\u00e7aise et de la Conf\u00e9d\u00e9ration des Organisations de Jeunesse ind\u00e9pendantes et pluralistes (C.O.J.)<\/p>\n<p><img loading=\"lazy\" class=\"wp-image-500 size-full alignright\" src=\"http:\/\/66sgp.net\/wordpress\/wp-content\/uploads\/2017\/08\/sgp-org.png\" alt=\"\" width=\"480\" height=\"296\" srcset=\"http:\/\/66sgp.net\/wordpress\/wp-content\/uploads\/2017\/08\/sgp-org.png 480w, http:\/\/66sgp.net\/wordpress\/wp-content\/uploads\/2017\/08\/sgp-org-300x185.png 300w\" sizes=\"(max-width: 480px) 100vw, 480px\" \/>En 2015, la SGP compte plus de 50 unit\u00e9s r\u00e9parties sur le territoire wallon et bruxellois, au sein\u00a0de 11 \u00ab\u00a0r\u00e9gions\u00a0\u00bb. Les unit\u00e9s regroupent des centaines de jeunes gar\u00e7ons et filles qui bougent, cr\u00e9ent, partent \u00e0 l&rsquo;aventure, exp\u00e9rimentent leurs passions et prennent position sur leur propre avenir.<\/p>\n<p><u>Le Pluralisme\u00a0: <\/u><\/p>\n<p>Le pluralisme actif est ce qui diff\u00e9rencie les Scouts Pluralistes des 4 autres organisations de jeunesse reconnues en Belgique. Il constitue un axe majeur de l&rsquo;action \u00e9ducative aupr\u00e8s des enfants et des jeunes. Ainsi, les unit\u00e9s accueillent chaque jeune quelle que soit son origine, ses croyances, sa philosophie ou sa culture. C&rsquo;est par la confrontation des convictions et des d\u00e9couvertes individuelles, que chaque personne est progressivement amen\u00e9e \u00e0 affirmer, \u00e0 partager et \u00e0 enrichir ses choix personnels, ses \u00e9motions et ses r\u00e9flexions.<\/p>\n<p><strong>Le choix d&rsquo;un pluralisme d&rsquo;action exprime aussi une solidarit\u00e9 active qui comporte le refus de tout racisme et de toutes discriminations. Il implique un engagement \u00e0 lutter contre toutes les formes d&rsquo;intol\u00e9rance.<\/strong><\/p>\n<p style=\"text-align: center;\"><em>Scouts et guides Pluralistes de Belgique asbl<\/em><\/p>\n<p style=\"text-align: center;\"><em>Avenue de la Porte de Hal, 38 \u2013 1060 Bruxelles<\/em><\/p>\n<p style=\"text-align: center;\"><em>T\u00e9l.\u00a0: 02\/539.23.19. Fax.\u00a0: 02\/539.26.05<\/em><\/p>\n<p style=\"text-align: center;\"><em><a href=\"http:\/\/www.sgp.be\/\">www.sgp.be<\/a><\/em><\/p>\n<h1 style=\"text-align: left;\"><strong>La 66\u00e8me Unit\u00e9\u00a0: Le Corbeau Noir<\/strong><\/h1>\n<h2><strong>La situation dans le Mouvement<\/strong><\/h2>\n<p>La 66<sup>\u00e8me<\/sup> est l\u2019une des 14 unit\u00e9s SGP bas\u00e9es sur Bruxelles. Elle fait partie de la \u00ab R\u00e9gion Bruxelles-Iris \u00bb qui contient 7 unit\u00e9s (l&rsquo;autre r\u00e9gion sur Bruxelles \u00e9tant Bruxelles Sud). C\u2019est la seule unit\u00e9 pluraliste de Schaerbeek. L\u2019existence de l\u2019unit\u00e9 se justifie par le fait qu\u2019il est important de garder une diversit\u00e9 scoute et de permettre le <strong>choix d\u2019un mouvement de jeunesse pluraliste pour les jeunes schaerbeekois<\/strong>.<\/p>\n<p>L\u2019unit\u00e9 est n\u00e9e en 1919 avec la cr\u00e9ation de la troupe du Hibou Rouge. Tr\u00e8s vite d&rsquo;autres sections appara\u00eetront pour donner la 66<sup>\u00e8me<\/sup> telle que nous la connaissons aujourd&rsquo;hui.<\/p>\n<h2><strong>Localisation<\/strong><\/h2>\n<p>L&rsquo;unit\u00e9 est log\u00e9e sur une plaine communale de Schaerbeek, au num\u00e9ro 2 de l&rsquo;avenue Ernest Cambier dans un espace partag\u00e9 avec l&rsquo;Ecole Neuve. La plaine se trouve \u00e0 mi-chemin entre le parc Josaphat, qui permet une foule d&rsquo;activit\u00e9s ; et Meiser, qui permet l\u2019acc\u00e8s facile sur tout Bruxelles par les transports en commun. La plaine compte 4 locaux, chacun attribu\u00e9s \u00e0 une section : castors, louveteaux, skits ou pionniers. Elle est assez vaste pour permettre \u00e0 toutes les sections et les parents de se retrouver les dimanches.<\/p>\n<div class=\"clear-float\" style=\"\r\n    width:100%;\r\n    float:left;margin:0px !important;\">\r\n    <\/div>\r\n<div class=\"huge_it_google_map_container\">\r\n    <div id=\"huge_it_google_map_6899\" data-map_id=\"1\"\r\n         class=\"huge_it_google_map\" style=\"\r\n    position:relative !important;\r\n    height:450px;\r\n    width:100%;\r\n    border-radius:0px;\r\n    float:left;margin:0px !important;\"\r\n         data-name=\"66SGP\"\r\n         data-type=\"ROADMAP\"\r\n         data-zoom=\"15\"\r\n         data-min-zoom=\"14\"\r\n         data-max-zoom=\"22\"\r\n         data-locator-enabled=\"0\"\r\n         data-img-url        =\"http:\/\/66sgp.net\/wordpress\/wp-content\/plugins\/google-maps\/assets\/images\/\"\r\n         data-border-radius=\"0\"\r\n         data-center-lat=\"50.8589288\"\r\n         data-center-lng=\"4.3920535\"\r\n         data-pan-controller=\"1\"\r\n         data-zoom-controller=\"1\"\r\n         data-type-controller=\"1\"\r\n         data-scale-controller=\"1\"\r\n         data-street-view-controller=\"1\"\r\n         data-overview-map-controller=\"1\"\r\n         data-width=\"100\"\r\n         data-height=\"450\"\r\n         data-align=\"left\"\r\n         data-info-type=\"click\"\r\n         data-open-infowindows-onload=\"0\"\r\n         data-animation=\"none\"\r\n         data-language=\"location based\"\r\n         data-draggable=\"0\"\r\n         data-wheel-scroll=\"1\"\r\n         data-traffic-layer=\"0\"\r\n         data-bike-layer=\"0\"\r\n         data-transit-layer=\"0\"\r\n         data-styling-hue=\"\"\r\n         data-styling-lightness=\"0\"\r\n         data-styling-gamma=\"1\"\r\n         data-styling-saturation=\"0\"><\/div>\r\n<\/div>\r\n\n<h2><strong>La Structure<\/strong><\/h2>\n<p>Notre unit\u00e9 est divis\u00e9e en <strong>4 sections diff\u00e9rentes<\/strong>\u00a0: les <strong>castors<\/strong> pour les 5-7 ans (mixte), les <strong>louveteaux <\/strong>pour les 8-12 ans (mixte), les <strong>skits<\/strong> (fusion de scouts et guides) pour les 12-15 ans (mixte) et les <strong>pionniers <\/strong>pour les 16-17 ans (mixte). Au total, on compte environ 120 membres, anim\u00e9s et animateurs confondus.<\/p>\n<p>Les louveteaux sont regroup\u00e9s au sein de la \u00ab\u00a0meute\u00a0\u00bb. L\u2019univers est celui du Livre de la Jungle. Pour l\u2019organisation pratique de la meute, il existe des sizaines, des petits groupes qui portent comme nom une des couleurs de la Jungle.<\/p>\n<p>La Troupe est le nom donn\u00e9 au groupe de <strong>Skits<\/strong>. Chaque skit fait partie de ce qui est appel\u00e9 une patrouille, qui est un groupe de vie et de conseils avec lequel on mange, joue, discute\u2026. Elle est fixe pendant un an. Un chef de patrouille (CP) et un sous-chef (SP) existent pour faciliter l\u2019organisation de la patrouille.<\/p>\n<p>Les <strong>pionniers <\/strong>profitent de la richesse de chacun, chacune, et mettent l\u2019accent sur la rencontre, le partage, la d\u00e9couverte. Le groupe, nomm\u00e9 Relais, r\u00e9alise un projet tout au long de l\u2019ann\u00e9e, et r\u00e9colte des fonds pour le mettre en \u0153uvre. Le projet peut aussi bien \u00eatre sportif, comme en 2008 avec l&rsquo;ascension du Mont Toubkal au Maroc, de construction comme en 2009 avec la contribution \u00e0 la construction d\u2019une ferme p\u00e9dagogique au Burkina Faso, ou encore \u00e9ducatif comme le camp \u00e0 venir de 2010 dans l\u2019orphelinat de la F\u00e9d\u00e9ration Orient-Occident de Mekn\u00e8s au Maroc.<\/p>\n<p>Chaque section est constitu\u00e9e de son propre <strong>Staff d&rsquo;animateurs<\/strong>. Ce sont des jeunes de 18 \u00e0 23 ans qui, apr\u00e8s leur parcours comme anim\u00e9s au sein de l&rsquo;Unit\u00e9, ont d\u00e9cid\u00e9 de s&rsquo;investir b\u00e9n\u00e9volement pour offrir une animation riche et vari\u00e9e lors des r\u00e9unions. La plupart des animateurs suivent un programme de formation, propos\u00e9 par la F\u00e9d\u00e9ration de la SGP et reconnu par la Communaut\u00e9 fran\u00e7aise, pour les aider \u00e0 proposer une animation scoute de qualit\u00e9, adapt\u00e9e \u00e0 chaque \u00e2ge et respectueuse des principes \u00e9l\u00e9mentaires de s\u00e9curit\u00e9, de respect et de bien-\u00eatre de chacun.<\/p>\n<p>L&rsquo;Unit\u00e9 est chapeaut\u00e9e par un <strong>Staff d&rsquo;Unit\u00e9<\/strong> constitu\u00e9 d&rsquo;un responsable d&rsquo;Unit\u00e9 et d&rsquo;une \u00e9quipe d&rsquo;assistants. L\u2019\u00e9quipe, constitu\u00e9e de parents et d\u2019animateurs, joue le r\u00f4le de relais entre animateurs, anim\u00e9s et parents. C\u2019est ce staff qui assure la gestion administrative, financi\u00e8re et communicationnelle de l&rsquo;Unit\u00e9. L&rsquo;Unit\u00e9 de la 66<sup>\u00e8me<\/sup>, c&rsquo;est donc une trentaine d&rsquo;animateurs au service d\u2019une centaine d\u2019anim\u00e9s, tous \u00e2ges confondus. Une communaut\u00e9 pour et par les jeunes\u00a0!<\/p>\n<h2><strong>Nos activit\u00e9s<\/strong><\/h2>\n<p>Les sections proposent plusieurs rendez-vous d\u2019une journ\u00e9e par mois, ainsi que des mini-camps pendant les cong\u00e9s scolaires et le grand camp d\u2019\u00e9t\u00e9 en juillet. Le calendrier des r\u00e9unions est \u00e9tabli en d\u00e9but d\u2019ann\u00e9e scolaire, au moment de la nouvelle ann\u00e9e scoute. Les activit\u00e9s touchent \u00e0 tous les domaines : l\u2019expression, la communication, la d\u00e9brouillardise, l\u2019habilet\u00e9 manuelle, la d\u00e9couverte de la nature, la protection de l\u2019environnement\u2026 et prennent souvent la forme de grands jeux \u00e0 th\u00e8me ou non.<\/p>\n<p><strong>R\u00e9union\u00a0:<\/strong><\/p>\n<p>Ces derni\u00e8res ont lieu r\u00e9guli\u00e8rement, en moyenne 2 fois par mois, <strong>les dimanches de 13 \u00e0 17h pour les Castors et de 10 \u00e0 17h pour les autres sections<\/strong> tout au long de l\u2019ann\u00e9e acad\u00e9mique. Elles commencent au mois de septembre, s\u2019interrompent en d\u00e9cembre\/janvier et reprennent ensuite jusqu\u2019\u00e0 la mi-mai. Les p\u00e9riodes creuses correspondent aux examens. Quelques r\u00e9unions sp\u00e9ciales, veill\u00e9e de No\u00ebl ou autres, sont programm\u00e9es bien souvent dans les p\u00e9riodes de moindre activit\u00e9 afin de garder la motivation scoute et d\u2019entretenir les liens. Les r\u00e9unions laissent aux anim\u00e9s le temps de se conna\u00eetre \u00e0 fond en partageant des activit\u00e9s ludiques. Elles comprennent la pause de midi, un moment convivial. Les animateurs cr\u00e9ent des jeux, activit\u00e9s solides, qui tiennent la route.<\/p>\n<p><strong>Petits camps\u00a0:<\/strong><\/p>\n<p>Deux camps sont organis\u00e9s sur l\u2019ann\u00e9e\u00a0\u00e0 des moments bien pr\u00e9cis\u00a0: \u00e0 la <strong>Toussaint<\/strong> et \u00e0 <strong>Carnaval <\/strong>(en g\u00e9n\u00e9ral au d\u00e9but des vacances).<\/p>\n<p>D\u2019une dur\u00e9e de 4 ou 5 jours, ils se font \u00ab sous dur \u00bb (maison), \u00e0 la campagne, dans un lieu r\u00e9serv\u00e9 au pr\u00e9alable par les animateurs. Les trajets s&rsquo;effectuent en train autant que possible. Les camps se passent en sections. A chaque camp un th\u00e8me est propos\u00e9 par les animateurs. Cela permet d&rsquo;avoir un fil conducteur tout au long du camp, sur lequel seront bas\u00e9s l&rsquo;encadrement, les jeux, l&rsquo;ambiance, les d\u00e9guisements.<\/p>\n<p>La section des Pionniers ne suit pas tout \u00e0 fait le m\u00eame programme. Ils font en g\u00e9n\u00e9ral 2 week-end sous dur, \u00e0 d\u2019autres moments fix\u00e9s en d\u00e9but d\u2019ann\u00e9e. C\u2019est l\u2019occasion pour eux d\u2019\u00e9changer leurs id\u00e9es, de poursuivre leurs projets, de se former.<\/p>\n<p><strong>Grand camp\u00a0:<\/strong><\/p>\n<p>Moment attendu impatiemment par tous (anim\u00e9s comme animateurs), le camp d\u2019\u00e9t\u00e9 se d\u00e9roule pendant <strong>les deux derni\u00e8res semaines de juillet<\/strong>. Il marque l\u2019aboutissement de l\u2019ann\u00e9e scoute. Les Skites partent pendant 15 jours, les louveteaux pendant 10 jours et les castors pendant 5 \u00e0 7 jours.<\/p>\n<p>La section louveteaux loge g\u00e9n\u00e9ralement sous dur, dans une habitation chaque ann\u00e9e diff\u00e9rente, en Wallonie.<\/p>\n<p>Les Skites dorment sous tentes, pendant 15 jours, sur des plaines s\u00e9par\u00e9es mais g\u00e9n\u00e9ralement pas trop \u00e9loign\u00e9es l\u2019une de l\u2019autre. Les premiers jours sont consacr\u00e9s aux constructions : pilotis, bancs, tables, trou \u00e0 feu etc. C&rsquo;est l&rsquo;occasion pour chaque troupe de vivre en harmonie avec la nature en cuisinant en patrouille sur le feu. Le grand camp c&rsquo;est aussi le moment des grands jeux traditionnels : jeu de 24 heures, micro-soci\u00e9t\u00e9, &#8230; et des petites exp\u00e9ditions comme l&rsquo;explo, moments ou les anim\u00e9es partent marcher en patrouille pendant 3 jours.<\/p>\n<p>La section des Pionniers part pendant les 20 premiers jours de juillet r\u00e9aliser leur projet de l&rsquo;ann\u00e9e, hors des fronti\u00e8res belges. Les pionniers travaillent tout au long de l\u2019ann\u00e9e en vue de r\u00e9colter des fonds pour le voyage.\u00a0 Les projets sont choisis ensemble. En amenant nos jeunes \u00e0 rencontrer d\u2019autres cultures, nos projets contribuent \u00e0 les faire m\u00fbrir, et \u00e0 porter un autre regard sur le quotidien. En \u00e9t\u00e9 2009 par exemple, le Relais pionnier est parti 20 jours au Burkina Faso dans le but de poursuivre une construction de ferme p\u00e9dagogique en coop\u00e9ration avec des scouts locaux.<\/p>\n<p><strong>F\u00eate d\u2019Unit\u00e9\u00a0:<\/strong><\/p>\n<p>Chaque ann\u00e9e, en <strong>mars<\/strong>, l\u2019unit\u00e9 enti\u00e8re se r\u00e9unit pour un moment festif et multi-g\u00e9n\u00e9rationnel r\u00e9unissant les anim\u00e9s, animateurs, l\u2019\u00e9quipe d\u2019unit\u00e9, les parents et amis. Le format typique inclut un spectacle de chaque section, suivi d&rsquo;un grand repas convivial et, si le lieu le permet, d&rsquo;une soir\u00e9e dansante. C\u2019est un moment fort attendu par tous, qui permet de resserrer les liens entre les participants.<\/p>\n<h2><strong>L\u2019\u00e9valuation du prix pour un enfant \u00e0 la 66\u00e8me<\/strong><\/h2>\n<p>Pour devenir membre, l\u2019unit\u00e9 demande aux nouveaux de payer une <strong>cotisation annuelle de 55 EUR* <\/strong>(45 EUR pour le deuxi\u00e8me enfant, 35 EUR pour le troisi\u00e8me et suivants). Celle-ci comprend l&rsquo;affiliation \u00e0 la F\u00e9d\u00e9ration des Scouts et Guides pluralistes de Belgique, mais aussi une assurance couvrant les accidents corporels et la responsabilit\u00e9 civile. La cotisation annuelle est \u00e0 verser sur le compte de l\u2019unit\u00e9 avec la communication suivante \u00ab\u00a0Nom enfant + Pr\u00e9nom enfant + Section + Cotisation annuelle\u00a0\u00bb.<\/p>\n<p><strong>Participation aux frais d&rsquo;ann\u00e9e de chaque section: <\/strong><strong>25 euros *<\/strong> sont demand\u00e9s par enfant pour les frais consentis par la section tout au long de l&rsquo;ann\u00e9e (mat\u00e9riel, am\u00e9nagement locaux, activit\u00e9s sp\u00e9ciales,&#8230;). Ils sont \u00e0 verser sur les comptes de section dans laquelle se trouve votre enfant avec la communication suivante \u00ab\u00a0Nom enfant + Pr\u00e9nom enfant + Section + participation section\u00a0\u00bb .<\/p>\n<p>Le nouveau membre doit s\u2019\u00e9quiper de l\u2019uniforme scout, c\u2019est-\u00e0-dire une <b>chemise grise co\u00fbtant environ 30 EUR <\/b>(\u00e0 acheter \u00e0 la f\u00e9d\u00e9ration sur https:\/\/www.magascout.com\/)<b> et un foulard bordeaux \u00e0 6 EUR (<\/b>\u00e0 acheter aupr\u00e8s de l\u2019unit\u00e9 &#8211; le premier foulard est offert gratuitement).<\/p>\n<p>Les r\u00e9unions habituelles du dimanche sont <strong>gratuites<\/strong>, \u00e0 quelques exceptions pr\u00e8s lorsque la section d\u00e9cide de r\u00e9aliser une journ\u00e9e extraordinaire (spectacle, journ\u00e9e aventure, piscines etc.). Chacun apporte son pic-nic pour le midi.<\/p>\n<p><strong>Bien entendu, avant de devenir membre, il est possible de participer aux premi\u00e8res r\u00e9unions gratuitement, et ceci afin de permettre aux jeunes de voir si nos activit\u00e9s correspondent \u00e0 leurs attentes.<\/strong><\/p>\n<p>La somme demand\u00e9e pour les camps est en g\u00e9n\u00e9ral de <strong>10 \u00e0 15 EUR par jour. <\/strong>Les pionniers travaillent durant l\u2019ann\u00e9e (activit\u00e9s communes, propos\u00e9es par les animateurs) pour amortir les frais de voyage et la contribution parentale est aussi de 150-200 EUR environ.<\/p>\n<p>Les familles qui ont des probl\u00e8mes de tr\u00e9sorerie peuvent susciter l\u2019aide de l\u2019Unit\u00e9, qui pr\u00e9voit un budget pour l\u2019aide financi\u00e8re lors des camps et activit\u00e9s extraordinaires. Notre unit\u00e9 confirme ainsi son souhait d\u2019accueillir tous les jeunes, quelle que soit leur origine sociale ou culturelle.<\/p>\n<h2><strong>Contacts<\/strong><\/h2>\n<p>Vous trouverez tous les contacts sur le site, il\u00a0regroupe toutes les informations n\u00e9cessaires au bon fonctionnement de l\u2019unit\u00e9. Missives, coordonn\u00e9es des responsables, calendrier des activit\u00e9s. Il est r\u00e9guli\u00e8rement mis \u00e0 jour.<\/p>\n<h2><strong>Inscription<\/strong><\/h2>\n<p>Nous prenons des inscriptions tout au long de l\u2019ann\u00e9e, mais celles-ci sont tout de m\u00eame privil\u00e9gi\u00e9es en septembre (d\u00e9but de l\u2019ann\u00e9e scoute).\u00a0 Les inscriptions se font par l&rsquo;interm\u00e9diaire du site. <strong>Pour l&rsquo;instant les sections castors et louveteaux sont compl\u00e8tes et il y a d\u00e9j\u00e0 une longue liste d&rsquo;attente.\u00a0<\/strong><\/p>\n<h1><strong>Le mot de la fin<\/strong><\/h1>\n<p>Nous sommes toujours heureux d\u2019accueillir des nouvelles personnes, petits ou grands, pour dynamiser notre unit\u00e9 et pour faire vivre aux jeunes des exp\u00e9riences historiques et cr\u00e9er des souvenirs ineffa\u00e7ables\u00a0!<\/p>\n<p><img loading=\"lazy\" class=\"aligncenter wp-image-501\" src=\"http:\/\/66sgp.net\/wordpress\/wp-content\/uploads\/2017\/08\/mdf.jpg\" alt=\"\" width=\"710\" height=\"533\" srcset=\"http:\/\/66sgp.net\/wordpress\/wp-content\/uploads\/2017\/08\/mdf.jpg 640w, http:\/\/66sgp.net\/wordpress\/wp-content\/uploads\/2017\/08\/mdf-300x225.jpg 300w\" sizes=\"(max-width: 710px) 100vw, 710px\" \/><\/p>\n<\/div>\n","protected":false},"excerpt":{"rendered":"<p>La F\u00e9d\u00e9ration\u00a0: les Scouts et Guides Pluralistes de Belgique (SGP) Les Scouts &amp; Guides Pluralistes de Belgique est un mouvement de jeunesse existant d\u00e9j\u00e0 depuis plus de 100 ans en Belgique (cr\u00e9ation en 1910). Le Mouvement est officiellement reconnu par la Communaut\u00e9 fran\u00e7aise de Wallonie-Bruxelles et membre du Conseil de la Jeunesse d\u2019Expression fran\u00e7aise et &#8230;<\/p>\n","protected":false},"author":1,"featured_media":0,"parent":33,"menu_order":0,"comment_status":"closed","ping_status":"closed","template":"","meta":{"_monsterinsights_skip_tracking":false,"_monsterinsights_sitenote_active":false,"_monsterinsights_sitenote_note":"","_monsterinsights_sitenote_category":0},"_links":{"self":[{"href":"http:\/\/66sgp.net\/wordpress\/wp-json\/wp\/v2\/pages\/498"}],"collection":[{"href":"http:\/\/66sgp.net\/wordpress\/wp-json\/wp\/v2\/pages"}],"about":[{"href":"http:\/\/66sgp.net\/wordpress\/wp-json\/wp\/v2\/types\/page"}],"author":[{"embeddable":true,"href":"http:\/\/66sgp.net\/wordpress\/wp-json\/wp\/v2\/users\/1"}],"replies":[{"embeddable":true,"href":"http:\/\/66sgp.net\/wordpress\/wp-json\/wp\/v2\/comments?post=498"}],"version-history":[{"count":8,"href":"http:\/\/66sgp.net\/wordpress\/wp-json\/wp\/v2\/pages\/498\/revisions"}],"predecessor-version":[{"id":1111,"href":"http:\/\/66sgp.net\/wordpress\/wp-json\/wp\/v2\/pages\/498\/revisions\/1111"}],"up":[{"embeddable":true,"href":"http:\/\/66sgp.net\/wordpress\/wp-json\/wp\/v2\/pages\/33"}],"wp:attachment":[{"href":"http:\/\/66sgp.net\/wordpress\/wp-json\/wp\/v2\/media?parent=498"}],"curies":[{"name":"wp","href":"https:\/\/api.w.org\/{rel}","templated":true}]}}