{"id":357,"date":"2017-02-22T21:38:30","date_gmt":"2017-02-22T20:38:30","guid":{"rendered":"http:\/\/66sgp.net\/wordpress\/?page_id=357"},"modified":"2021-11-27T22:36:00","modified_gmt":"2021-11-27T21:36:00","slug":"infos-pratiques","status":"publish","type":"page","link":"http:\/\/66sgp.net\/wordpress\/a-propos\/infos-pratiques\/","title":{"rendered":"Infos pratiques"},"content":{"rendered":"<div class=\"entry\">\n\n<p><a href=\"#coti\">Cotisations<\/a><br \/><a href=\"#reso\">R\u00e9solutions<\/a><br \/><a href=\"#attes\">Attestation<\/a><br \/><a href=\"#unif\">Uniformes<\/a><\/p>\n<p><a name=\"coti\"><\/a><\/p>\n<h1>Cotisations<\/h1>\n<p>Voici un r\u00e9capitulatif de comment il faut proc\u00e9der au niveau des paiements (cela ne concerne que les parents qui sont surs d&rsquo;inscrire leur enfants, pour les nouveaux, ils peuvent venir essayer \u00e0 une ou deux r\u00e9unions avant de s&rsquo;inscrire d\u00e9finitivement):<\/p>\n<p>Pour nous simplifier la vie \u00e0 tous, nous avons centralis\u00e9 ici les diff\u00e9rents paiements \u00e0 effectuer en ce d\u00e9but d&rsquo;ann\u00e9e\u00a0: Cotisations (SGP) et Participation Sections (Sections).<\/p>\n<h2><span class=\"txtGrasBloc\">Cotisation SGP<\/span><\/h2>\n<p>La 66\u00e8me unit\u00e9 dispose d\u2019un fonds de solidarit\u00e9 pour permettre \u00e0 chacun de participer aux activit\u00e9s sans obstacle financier. N\u2019h\u00e9sitez pas \u00e0 nous contacter si vous faites face \u00e0 des difficult\u00e9s.<\/p>\n<p>La cotisation comprend :<br \/>&#8211; l\u2019appartenance \u00e0 la F\u00e9d\u00e9ration des Scouts et Guides pluralistes de Belgique,<br \/>&#8211; une assurance couvrant les accidents corporels et la responsabilit\u00e9 civile,<br \/>&#8211; l\u2019abonnement aux revues \u00e9dit\u00e9es par les S.G.P.<\/p>\n<h3><span class=\"txtGrasBloc\">\u00a0Montants (inchang\u00e9s) pour les cotisations\u00a0<\/span><\/h3>\n<ul>\n<li><strong>55 \u20ac<\/strong>* pour le premier enfant,<\/li>\n<li><strong>45 \u20ac<\/strong>* pour le deuxi\u00e8me enfant,<\/li>\n<li><strong>35 \u20ac<\/strong>* pour le 3e et suivant(s).<\/li>\n<\/ul>\n<p><strong>A verser sur le compte de l\u2019unit\u00e9\u00a0: <span class=\"txtGrasScouts\"><span style=\"color: #6d071a;\">UNITE 66 LE CORBEAU NOIR &#8211; 068-2033234-44<\/span><br \/><span style=\"color: #6d071a;\">IBAN : BE55 0682 0332 3444<\/span><\/span> en mentionnant le nom de votre enfant et sa section <\/strong><strong>castors, louveteaux, skits ou pionniers.<\/strong><\/p>\n<p><strong>Les chefs paient aussi la cotisation dans leur premi\u00e8re ann\u00e9e.<\/strong><br \/><span style=\"color: #ff0000;\"><strong><br \/><span class=\"txtGrasScouts\">Nous vous prions de bien vouloir payer la cotisation LE PLUS RAPIDEMENT POSSIBLE !<\/span><\/strong><\/span><\/p>\n<h2><span class=\"txtGrasBloc\">Participation aux frais d&rsquo;ann\u00e9e\u00a0<\/span><\/h2>\n<p>Comme l&rsquo;an pass\u00e9, <strong>25 euros *<\/strong> sont demand\u00e9s par enfant pour les frais consentis par la section tout au long de l&rsquo;ann\u00e9e (mat\u00e9riel, am\u00e9nagement locaux, activit\u00e9s sp\u00e9ciales,&#8230;). Ils sont \u00e0 verser sur les comptes de section dans laquelle se trouve aujourd&rsquo;hui votre enfant en mentionnant le nom de celui-ci et en inscrivant \u00ab\u00a0participation section\u00a0\u00bb en communication.<br \/><em>*Tout le monde peut conna\u00eetre des difficult\u00e9s financi\u00e8res, n&rsquo;h\u00e9sitez pas \u00e0 contacter notre Fonds de Solidarit\u00e9 via <strong><a href=\"mailto:unite66@gmail.com\">unite66[at]gmail.com<\/a><\/strong><\/em><\/p>\n<p><span class=\"nav_cast\" style=\"color: #800080;\">Castors &gt; 068-8977468-48<\/span><strong class=\"nav_cast\"><span style=\"color: #800080;\">IBAN : BE11 0688 9774 6848<\/span> <\/strong><br \/><span style=\"color: #00ccff;\"><span class=\"nav_lou\">Louveteaux &gt; 068-8904830-63<\/span><strong class=\"nav_lou\">IBAN : BE40 0688 9048 3063<\/strong><\/span><br \/><span style=\"color: #ff0000;\"><span class=\"nav_gui\">Skits &gt; 068-8912374-41<\/span><strong class=\"nav_gui\">IBAN : BE88 0688 9123 7441<\/strong><\/span><br \/><span style=\"color: #ffcc00;\"><span class=\"nav_pio\">Pionniers &gt; 068-8904825-58 <\/span><strong class=\"nav_pio\">IBAN : BE95 0688 9048 2558<\/strong><\/span><\/p>\n<p>Nous esp\u00e9rons ne rien avoir oubli\u00e9, n&rsquo;h\u00e9sitez pas \u00e0 nous contacter en cas de questions.<br \/>Encore bienvenue \u00e0 tous \u00e0 la 66\u00e8me !<\/p>\n<p>\u00a0<\/p>\n<p><a name=\"reso\"><\/a><\/p>\n<h1 class=\"txtTitreGeneral\" style=\"text-align: left;\" align=\"center\">Les bonnes r\u00e9solutions de la 66\u00e8me&#8230;<\/h1>\n<p>\u00a0<\/p>\n<p class=\"txtCourantNoir\">\u2022 <span class=\"txtGrasScouts\"><strong>Les r\u00e9unions commencent \u00e0 10h<\/strong> pour les louveteaux, guides, scouts et pionniers<\/span> et \u00e0<span class=\"txtGrasScouts\"><strong> 13h<\/strong> pour les castors<\/span>, une pr\u00e9sence r\u00e9guli\u00e8re est souhait\u00e9e.<\/p>\n<p>\u2022 Nous sommes un mouvement scout, et l\u2019uniforme reste notre signe distinctif (chemise grise, foulard et insignes).<br \/>Pour les nouveaux, l\u2019uniforme est demand\u00e9 lorsqu\u2019ils s\u2019inscrivent d\u00e9finitivement.<\/p>\n<p>\u2022 SI A UNE R\u00c9UNION JE NE PEUX VENIR, UN DE MES RESPONSABLES JE DOIS PR\u00c9VENIR.<\/p>\n<p class=\"txtCourantNoir\">\u2022 Chaque ann\u00e9e nous nous retrouvons avec une masse d\u2019objets divers, v\u00eatements, gamelles etc. Pour \u00e9viter de perdre vos affaires, marquez les bien toutes!<\/p>\n<p class=\"txtCourantNoir\">\u2022 Merci de nous transmettre tout changement d\u2019adresse, de t\u00e9l\u00e9phone, GSM, et surtout courriel\u2026 ceci afin d\u2019\u00e9viter les retards dans les informations.<br \/>Les missives et informations officielles vous sont transmises par mail.\u00a0<\/p>\n<p class=\"txtCourantNoir\">N\u2019h\u00e9sitez pas \u00e0 contacter les responsables de votre section ou l\u2019unit\u00e9 <strong><a href=\"mailto:unite66@gmail.com\">unite66[at]gmail.com<\/a><\/strong> si les informations ne vous parviennent pas.<\/p>\n<hr \/>\n<p><a name=\"attes\"><\/a><\/p>\n<h1 class=\"txtTitreGeneral\" style=\"text-align: left;\" align=\"center\">Formulaire\/attestation intervention mutuelle<\/h1>\n<p>\u00a0<\/p>\n<p class=\"txtCourantNoir\" align=\"left\">Chers parents,<\/p>\n<p>Certaines mutuelles interviennent dans les frais de camps de mouvements de jeunesse (en g\u00e9n\u00e9ral jusqu&rsquo;\u00e0 un plafond annuel, par exemple 20 euros par enfant). Il arrive aussi que des entreprises offrent \u00e0 leur personnel des interventions similaires.<\/p>\n<p>Si vous avez besoin d&rsquo;une attestation pour obtenir de telles interventions, vous pouvez remplir les formulaires suivant, l&rsquo;un \u00e0 destination d&rsquo;autres intervenant (<a href=\"http:\/\/66sgp.net\/documents\/respo_docs\/formulaire_attestation_paiements.doc\">formulaire_attestation_paiements.doc<\/a>)<br \/>et l&rsquo;autre \u00e0 destination de votre mutuelle (<a href=\"http:\/\/66sgp.net\/documents\/respo_docs\/formulaire_mutuelle.doc\">formulaire_mutuelle.doc<\/a>)<br \/>et nous les renvoyer par e-mail :<a href=\"mailto:unite66@gmail.com\"><strong>unite66@gmail.com<\/strong><\/a><br \/>Nous vous prions de compl\u00e9ter les rubriques suivantes:<br \/>&#8211; le nom de l&rsquo;enfant,<br \/>&#8211; le lieu et les dates du camp,<br \/>&#8211; votre nom,<br \/>&#8211; la somme vers\u00e9e,<br \/>&#8211; la section (biffer les mentions inutiles).<br \/>Nous v\u00e9rifierons, daterons et signerons et nous vous renverrons le formulaire par voie postale.<\/p>\n<p>Bien \u00e0 vous,<\/p>\n<p>Le staff d&rsquo;unit\u00e9.<\/p>\n<hr \/>\n<p><a name=\"unif\"><\/a><\/p>\n<h1 class=\"txtTitreGeneral\" style=\"text-align: left;\" align=\"center\">Uniformes, foulards, insignes, sac&#8230;<\/h1>\n<p>\u00a0<\/p>\n<h3 class=\"txtCourantNoir\" align=\"left\"><span class=\"txtGrasBloc\">Magascout SGP<\/span><span class=\"txtGrasBloc\">\u00a0<\/span><\/h3>\n<p class=\"txtCourantNoir\" align=\"left\">Tu y trouveras la chemise homologu\u00e9e SGP, pull et les publications du mouvement.<br \/>Avenue de la Porte de Hal 38 39 1060 Bruxelles (Mauricette Henrioulle)<br \/>Tel. 02 539 23 19 &#8211; Fax 02 539 26 05 &#8211; <a href=\"mailto:magascout@sgp.be\" target=\"_blank\" rel=\"noopener\"><strong>magascout[at]sgp.be<\/strong><\/a><br \/>Ouvert du lundi au vendredi de 9h30 \u00e0 17h00<br \/>Attention : pas de paiement \u00e9lectronique. Le Magascout peut \u00e9galement livrer vos commandes par la poste<br \/>(sous r\u00e9serve d&rsquo;un paiement anticip\u00e9 par virement).<\/p>\n<h3 class=\"txtCourantNoir\" align=\"left\"><span class=\"txtGrasBloc\">Foulards et insignes\u00a0 <\/span><\/h3>\n<p class=\"txtCourantNoir\" align=\"left\">Disponibles \u00e0 la plaine \u00e0 17h aupr\u00e8s de vos responsables ador\u00e9s !<\/p>\n<hr \/>\n<p>\u00a0<\/p>\n\n\n<p><\/p>\n\n\n<\/div>","protected":false},"excerpt":{"rendered":"<p>CotisationsR\u00e9solutionsAttestationUniformes Cotisations Voici un r\u00e9capitulatif de comment il faut proc\u00e9der au niveau des paiements (cela ne concerne que les parents qui sont surs d&rsquo;inscrire leur enfants, pour les nouveaux, ils peuvent venir essayer \u00e0 une ou deux r\u00e9unions avant de s&rsquo;inscrire d\u00e9finitivement): Pour nous simplifier la vie \u00e0 tous, nous avons centralis\u00e9 ici les diff\u00e9rents &#8230;<\/p>\n","protected":false},"author":1,"featured_media":0,"parent":33,"menu_order":2,"comment_status":"closed","ping_status":"closed","template":"","meta":{"_monsterinsights_skip_tracking":false,"_monsterinsights_sitenote_active":false,"_monsterinsights_sitenote_note":"","_monsterinsights_sitenote_category":0},"_links":{"self":[{"href":"http:\/\/66sgp.net\/wordpress\/wp-json\/wp\/v2\/pages\/357"}],"collection":[{"href":"http:\/\/66sgp.net\/wordpress\/wp-json\/wp\/v2\/pages"}],"about":[{"href":"http:\/\/66sgp.net\/wordpress\/wp-json\/wp\/v2\/types\/page"}],"author":[{"embeddable":true,"href":"http:\/\/66sgp.net\/wordpress\/wp-json\/wp\/v2\/users\/1"}],"replies":[{"embeddable":true,"href":"http:\/\/66sgp.net\/wordpress\/wp-json\/wp\/v2\/comments?post=357"}],"version-history":[{"count":13,"href":"http:\/\/66sgp.net\/wordpress\/wp-json\/wp\/v2\/pages\/357\/revisions"}],"predecessor-version":[{"id":1119,"href":"http:\/\/66sgp.net\/wordpress\/wp-json\/wp\/v2\/pages\/357\/revisions\/1119"}],"up":[{"embeddable":true,"href":"http:\/\/66sgp.net\/wordpress\/wp-json\/wp\/v2\/pages\/33"}],"wp:attachment":[{"href":"http:\/\/66sgp.net\/wordpress\/wp-json\/wp\/v2\/media?parent=357"}],"curies":[{"name":"wp","href":"https:\/\/api.w.org\/{rel}","templated":true}]}}