{"id":309,"date":"2017-02-15T21:18:12","date_gmt":"2017-02-15T20:18:12","guid":{"rendered":"http:\/\/66sgp.net\/wordpress\/?page_id=309"},"modified":"2023-09-09T22:27:17","modified_gmt":"2023-09-09T20:27:17","slug":"presentation","status":"publish","type":"page","link":"http:\/\/66sgp.net\/wordpress\/equipeuni\/presentation\/","title":{"rendered":"Pr\u00e9sentation"},"content":{"rendered":"<div class=\"entry\">\n<p class=\"txtCourantNoir\"><img loading=\"lazy\" class=\"size-full wp-image-169 alignright\" src=\"http:\/\/66sgp.net\/wordpress\/wp-content\/uploads\/2016\/11\/respo_logo.gif\" alt=\"respo_logo\" width=\"150\" height=\"100\" \/>Bienvenue \u00e0 vous tous<\/p>\n<p class=\"txtCourantNoir\">Nous avons cette ann\u00e9e encore constitu\u00e9 un staff d&rsquo;unit\u00e9 tr\u00e8s motiv\u00e9:<\/p>\n<p class=\"txtCourantNoir\">St\u00e9phanie Carillon est responsable d&rsquo;unit\u00e9 (RU). Elle repr\u00e9sente l\u2019unit\u00e9 aupr\u00e8s de la F\u00e9d\u00e9ration des Scouts et Guides Pluralistes, assure la coordination g\u00e9n\u00e9rale de l\u2019unit\u00e9 et aide les animateurs dans l\u2019\u00e9laboration de leur projet, en garantissant la qualit\u00e9 p\u00e9dagogique de l&rsquo;animation.<\/p>\n<p class=\"txtCourantNoir\">Elle est assist\u00e9e de 3 \u00e9quipier.e.s et d&rsquo;une animatrice d\u2019unit\u00e9 tr\u00e8s dynamiques, soit une \u00e9quipe o\u00f9 chacun assume pleinement la partie de son travail.<\/p>\n<p><img loading=\"lazy\" class=\"size-full wp-image-165 alignleft\" src=\"http:\/\/66sgp.net\/wordpress\/wp-content\/uploads\/2016\/11\/ph_bandeau_respo.jpg\" alt=\"ph_bandeau_respo\" width=\"150\" height=\"800\" srcset=\"http:\/\/66sgp.net\/wordpress\/wp-content\/uploads\/2016\/11\/ph_bandeau_respo.jpg 150w, http:\/\/66sgp.net\/wordpress\/wp-content\/uploads\/2016\/11\/ph_bandeau_respo-56x300.jpg 56w\" sizes=\"(max-width: 150px) 100vw, 150px\" \/>&#8211; Esther g\u00e8re la tr\u00e9sorerie<br \/>\n&#8211; Mathilde g\u00e8re les affiliations et les cotisations et d\u00e9veloppe le lien entre parents<br \/>\n&#8211; Mathilde (Wallabi) coordonne les aspects li\u00e9s \u00e0 l&rsquo;animation de l&rsquo;unit\u00e9 (f\u00eate d&rsquo;unit\u00e9, camp de passage)<br \/>\n&#8211; Fabrice coordonne la gestion du mat\u00e9riel<\/p>\n<p class=\"txtCourantNoir\">Nous sommes convaincus que la communication avec les parents est importante.<\/p>\n<p class=\"txtCourantNoir\">Nous invitons les animateur.ice.s \u00e0 dialoguer avec les parents, nous attendons des parents qu&rsquo;ils fassent de m\u00eame avec les animateur.ice.s et avec le staff d&rsquo;unit\u00e9.<br \/>\nNous insistons \u00e9galement sur le port de l&rsquo;uniforme qui t\u00e9moigne de l&rsquo;engagement dans un mouvement de jeunesse et qui permet \u00e9galement d&rsquo;assurer la s\u00e9curit\u00e9 des anim\u00e9s lorsqu&rsquo;ils sortent du local.<\/p>\n<p class=\"txtCourantNoir\">Nous sommes tr\u00e8s admiratifs de l&rsquo;enthousiasme de notre \u00e9quipe et de la motivation des animateur.ice.s dans la pr\u00e9paration des journ\u00e9es, des camps.<br \/>\nVous serez \u00e9pat\u00e9s de l&rsquo;\u00e9nergie qu&rsquo;ils d\u00e9pensent pour que cela tourne bien, pour que vos enfants soient contents, mais \u00e9galement grandissent avec les valeurs du scoutisme pluraliste : respect de l&rsquo;autre, de soi, de la nature, d\u00e9veloppement de l\u2019\u00e9coute, solidarit\u00e9 et respect de la d\u00e9mocratie.<\/p>\n<p class=\"txtCourantNoir\">Le staff d&rsquo;unit\u00e9,<\/p>\n<p class=\"txtCourantNoir\"><strong>unite66@gmail.com<\/strong><\/p>\n<\/div>\n","protected":false},"excerpt":{"rendered":"<p>Bienvenue \u00e0 vous tous Nous avons cette ann\u00e9e encore constitu\u00e9 un staff d&rsquo;unit\u00e9 tr\u00e8s motiv\u00e9: St\u00e9phanie Carillon est responsable d&rsquo;unit\u00e9 (RU). Elle repr\u00e9sente l\u2019unit\u00e9 aupr\u00e8s de la F\u00e9d\u00e9ration des Scouts et Guides Pluralistes, assure la coordination g\u00e9n\u00e9rale de l\u2019unit\u00e9 et aide les animateurs dans l\u2019\u00e9laboration de leur projet, en garantissant la qualit\u00e9 p\u00e9dagogique de l&rsquo;animation. &#8230;<\/p>\n","protected":false},"author":1,"featured_media":0,"parent":19,"menu_order":0,"comment_status":"closed","ping_status":"closed","template":"","meta":{"_monsterinsights_skip_tracking":false,"_monsterinsights_sitenote_active":false,"_monsterinsights_sitenote_note":"","_monsterinsights_sitenote_category":0},"_links":{"self":[{"href":"http:\/\/66sgp.net\/wordpress\/wp-json\/wp\/v2\/pages\/309"}],"collection":[{"href":"http:\/\/66sgp.net\/wordpress\/wp-json\/wp\/v2\/pages"}],"about":[{"href":"http:\/\/66sgp.net\/wordpress\/wp-json\/wp\/v2\/types\/page"}],"author":[{"embeddable":true,"href":"http:\/\/66sgp.net\/wordpress\/wp-json\/wp\/v2\/users\/1"}],"replies":[{"embeddable":true,"href":"http:\/\/66sgp.net\/wordpress\/wp-json\/wp\/v2\/comments?post=309"}],"version-history":[{"count":6,"href":"http:\/\/66sgp.net\/wordpress\/wp-json\/wp\/v2\/pages\/309\/revisions"}],"predecessor-version":[{"id":1263,"href":"http:\/\/66sgp.net\/wordpress\/wp-json\/wp\/v2\/pages\/309\/revisions\/1263"}],"up":[{"embeddable":true,"href":"http:\/\/66sgp.net\/wordpress\/wp-json\/wp\/v2\/pages\/19"}],"wp:attachment":[{"href":"http:\/\/66sgp.net\/wordpress\/wp-json\/wp\/v2\/media?parent=309"}],"curies":[{"name":"wp","href":"https:\/\/api.w.org\/{rel}","templated":true}]}}