{"id":300,"date":"2017-02-15T13:30:14","date_gmt":"2017-02-15T12:30:14","guid":{"rendered":"http:\/\/66sgp.net\/wordpress\/?page_id=300"},"modified":"2017-10-21T18:03:44","modified_gmt":"2017-10-21T16:03:44","slug":"presentation","status":"publish","type":"page","link":"http:\/\/66sgp.net\/wordpress\/pio\/presentation\/","title":{"rendered":"Pr\u00e9sentation"},"content":{"rendered":"<div class=\"entry\">\n<h2 class=\"txtCourantNoir\"><span class=\"txtTitreSansFond\">Le groupe<img loading=\"lazy\" class=\"size-full wp-image-162 alignright\" src=\"http:\/\/66sgp.net\/wordpress\/wp-content\/uploads\/2016\/11\/pio_logo.gif\" alt=\"pio_logo\" width=\"150\" height=\"100\" \/><\/span><\/h2>\n<p class=\"txtCourantNoir\">Un relais est un groupe o\u00f9 une pionni\u00e8re\/un pionnier rencontre des jeunes de 16 \u00e0 18 ans qui ont les m\u00eames envies, les m\u00eames ambitions, les m\u00eames d\u00e9lires et les m\u00eames probl\u00e8mes aussi que lui. Le relais permet de construire des amiti\u00e9s intenses qui dureront toute une vie. Au sein du relais, chacun, chacune, participe directement aux prises de d\u00e9cisions concernant le programme.<br \/>\nLe relais ne forme qu&rsquo;un. C&rsquo;est un groupe o\u00f9 chacun a sa place et dans lequel le respect et l&rsquo;expression de chacun sont garantis. Il profite de la richesse de chacun, chacune, et met l&rsquo;accent sur la rencontre, le partage, la d\u00e9couverte.<\/p>\n<p class=\"txtCourantNoir\"><img loading=\"lazy\" class=\"size-full wp-image-164 alignleft\" src=\"http:\/\/66sgp.net\/wordpress\/wp-content\/uploads\/2016\/11\/ph_bandeau_pio.jpg\" alt=\"ph_bandeau_pio\" width=\"150\" height=\"800\" srcset=\"http:\/\/66sgp.net\/wordpress\/wp-content\/uploads\/2016\/11\/ph_bandeau_pio.jpg 150w, http:\/\/66sgp.net\/wordpress\/wp-content\/uploads\/2016\/11\/ph_bandeau_pio-56x300.jpg 56w\" sizes=\"(max-width: 150px) 100vw, 150px\" \/>Chacun a la possibilit\u00e9 de s&rsquo;exercer \u00e0 la prise de responsabilit\u00e9 en assumant diverses t\u00e2ches pour la pr\u00e9paration et la r\u00e9alisation des projets du relais\u2026<br \/>\nCes projets (appel\u00e9s \u00ab Entreprises \u00bb) peuvent \u00eatre de tout ordre.<br \/>\nPar exemple :<br \/>\n&#8211; descendre la Dordogne en radeau<br \/>\n&#8211; faire le tour du Mont-Blanc \u00e0 pied<br \/>\n&#8211; joindre Bruxelles\/Paris en cuistax<br \/>\n&#8211; r\u00e9aliser le Tour de la Corse en VTT<br \/>\n&#8211; faire un reportage sur un festival Rock \u00e0 Houtsiplout<br \/>\n&#8211; faire Nieuwpoort\/Calais en char \u00e0 voile<br \/>\n&#8211; travailler une semaine pour les Restos du Coeur<br \/>\n&#8211; r\u00e9aliser un camp \u00c9trusque dans les Landes<br \/>\n\u2013 participer \u00e0 la moisson ou aux vendanges<br \/>\n&#8211; s&rsquo;aventurer dans les Gorges de la Jonte en rafting<br \/>\n&#8211; &#8230;<\/p>\n<p class=\"txtCourantNoir\">Les responsables proposeront \u00e9galement des D\u00e9fis qui permettront \u00e0 chacun de se d\u00e9passer, de toucher \u00e0 l&rsquo;inconnu, de vivre de nouvelles sensations, d&rsquo;essayer de nouvelles situations dans l&rsquo;esprit de la d\u00e9brouille qui caract\u00e9rise les pionniers.<\/p>\n<p class=\"txtCourantNoir\">D\u00e9couvrez aussi les voyages r\u00e9alis\u00e9s par nos pionniers sur la page Archives !<br \/>\n&#8211; Maroc &gt; 2007<br \/>\n&#8211; Bosnie-Mont\u00e9n\u00e9gro &gt; 2008<br \/>\n&#8211; Burkina-Faso &gt; 2009<br \/>\n&#8211; Maroc &gt; 2010<br \/>\n&#8211; Slov\u00e9nie &gt; 2011<br \/>\n&#8211; Maroc &gt; 2012<br \/>\n&#8211; Roumanie &gt; 2013<br \/>\n&#8211; Turquie &gt; 2014<br \/>\n&#8211; Qu\u00e9bec &gt; 2016<br \/>\n&#8230;<\/p>\n<h2 class=\"txtCourantNoir\"><span class=\"txtTitreSansFond\">Les sp\u00e9cificit\u00e9s <\/span><\/h2>\n<p class=\"txtCourantNoir\">\u00catre pionnier, c&rsquo;est \u00eatre les premiers, les innovateurs, ceux qui d\u00e9couvrent, qui repoussent les limites, qui inventent de nouveaux moyens, de nouvelles techniques pour r\u00e9aliser des projets.<br \/>\nCe qui est propos\u00e9 aux pionniers, c&rsquo;est de vivre cet esprit en leur offrant la possibilit\u00e9 d&rsquo;\u00eatre cr\u00e9ateur et acteur dans les entreprises du relais. Chez les pionniers,<\/p>\n<\/div>\n","protected":false},"excerpt":{"rendered":"<p>Le groupe Un relais est un groupe o\u00f9 une pionni\u00e8re\/un pionnier rencontre des jeunes de 16 \u00e0 18 ans qui ont les m\u00eames envies, les m\u00eames ambitions, les m\u00eames d\u00e9lires et les m\u00eames probl\u00e8mes aussi que lui. Le relais permet de construire des amiti\u00e9s intenses qui dureront toute une vie. Au sein du relais, chacun, &#8230;<\/p>\n","protected":false},"author":1,"featured_media":0,"parent":17,"menu_order":0,"comment_status":"closed","ping_status":"closed","template":"","meta":{"_monsterinsights_skip_tracking":false,"_monsterinsights_sitenote_active":false,"_monsterinsights_sitenote_note":"","_monsterinsights_sitenote_category":0},"_links":{"self":[{"href":"http:\/\/66sgp.net\/wordpress\/wp-json\/wp\/v2\/pages\/300"}],"collection":[{"href":"http:\/\/66sgp.net\/wordpress\/wp-json\/wp\/v2\/pages"}],"about":[{"href":"http:\/\/66sgp.net\/wordpress\/wp-json\/wp\/v2\/types\/page"}],"author":[{"embeddable":true,"href":"http:\/\/66sgp.net\/wordpress\/wp-json\/wp\/v2\/users\/1"}],"replies":[{"embeddable":true,"href":"http:\/\/66sgp.net\/wordpress\/wp-json\/wp\/v2\/comments?post=300"}],"version-history":[{"count":2,"href":"http:\/\/66sgp.net\/wordpress\/wp-json\/wp\/v2\/pages\/300\/revisions"}],"predecessor-version":[{"id":1040,"href":"http:\/\/66sgp.net\/wordpress\/wp-json\/wp\/v2\/pages\/300\/revisions\/1040"}],"up":[{"embeddable":true,"href":"http:\/\/66sgp.net\/wordpress\/wp-json\/wp\/v2\/pages\/17"}],"wp:attachment":[{"href":"http:\/\/66sgp.net\/wordpress\/wp-json\/wp\/v2\/media?parent=300"}],"curies":[{"name":"wp","href":"https:\/\/api.w.org\/{rel}","templated":true}]}}