{"id":297,"date":"2017-02-15T13:27:19","date_gmt":"2017-02-15T12:27:19","guid":{"rendered":"http:\/\/66sgp.net\/wordpress\/?page_id=297"},"modified":"2020-01-07T00:35:38","modified_gmt":"2020-01-06T23:35:38","slug":"presentation","status":"publish","type":"page","link":"http:\/\/66sgp.net\/wordpress\/skits\/presentation\/","title":{"rendered":"Pr\u00e9sentation"},"content":{"rendered":"<div class=\"entry\">\n<h2><span class=\"txtTitreSansFond\">Le groupe\u00a0<\/span><span class=\"txtTitreSansFond\">Skits (Scouts-Guides)<\/span><\/h2>\n<p><span class=\"txtTitreSansFond\"><br \/>\n<\/span>L<img loading=\"lazy\" class=\"size-thumbnail wp-image-374 alignright\" src=\"http:\/\/66sgp.net\/wordpress\/wp-content\/uploads\/2017\/02\/logo-skits2-150x107.jpg\" alt=\"\" width=\"150\" height=\"107\" srcset=\"http:\/\/66sgp.net\/wordpress\/wp-content\/uploads\/2017\/02\/logo-skits2-150x107.jpg 150w, http:\/\/66sgp.net\/wordpress\/wp-content\/uploads\/2017\/02\/logo-skits2.jpg 151w\" sizes=\"(max-width: 150px) 100vw, 150px\" \/>a Troupe est le nom du groupe de scouts-guides qui ont entre 12 et 16 ans.<br \/>\nIls choisissent ensemble, avec l\u2019aide de leurs animateurs, les activit\u00e9s qu\u2019ils vont vivre ainsi que les r\u00e8gles de vie de leur groupe.<br \/>\nChaque scout fait partie d\u2019un groupe appel\u00e9 patrouille qui est un groupe de vie et de conseils.<br \/>\nElle sert pour manger, jouer, discuter\u2026 et est fixe pendant un an.<br \/>\nUn chef de patrouille et un sous \u2013 chef de patrouille existent pour faciliter l\u2019organisation de la patrouille.<\/p>\n<h2><span class=\"txtTitreSansFond\"><img loading=\"lazy\" class=\"size-full wp-image-166 alignleft\" src=\"http:\/\/66sgp.net\/wordpress\/wp-content\/uploads\/2016\/11\/ph_bandeau_scou.jpg\" alt=\"\" width=\"150\" height=\"800\" srcset=\"http:\/\/66sgp.net\/wordpress\/wp-content\/uploads\/2016\/11\/ph_bandeau_scou.jpg 150w, http:\/\/66sgp.net\/wordpress\/wp-content\/uploads\/2016\/11\/ph_bandeau_scou-56x300.jpg 56w\" sizes=\"(max-width: 150px) 100vw, 150px\" \/>Les activit\u00e9s<\/span><\/h2>\n<p>Des tas d\u2019activit\u00e9s sont propos\u00e9es par les animateurs. Elles ont pour but le jeu, la d\u00e9couverte de soi et des autres, l\u2019expression, l\u2019apprentissage et l\u2019exploitation des techniques.<br \/>\nL\u2019activit\u00e9 centrale de la Troupe est \u00ab l\u2019aventure \u00bb.<br \/>\nIl s\u2019agit d\u2019une activit\u00e9 d\u2019envergure propos\u00e9e, choisie, v\u00e9cue et \u00e9valu\u00e9e par les scouts-guides. Tous les scouts-guides participent au choix de l\u2019aventure et les animateurs les aident \u00e0 s\u2019organiser pour la r\u00e9alisation et la r\u00e9ussite de l\u2019aventure.<br \/>\nIl peut en exister de tout ordre : l\u2019aventure du spectacle (r\u00e9alisation d\u2019une com\u00e9die musicale pour la f\u00eate d\u2019unit\u00e9), l\u2019aventure du plein air (r\u00e9alisation d\u2019un camp volant), l\u2019aventure m\u00e9di\u00e9vale (grand jeu costum\u00e9 avec \u00e9nigmes, cotte de mailles\u2026).<br \/>\nDans ces activit\u00e9s, chacun est amen\u00e9 \u00e0 prendre une \u00ab mission \u00bb pour l\u2019aventure, seul, en patrouille ou en groupe.<\/p>\n<h2><span class=\"txtTitreSansFond\">Les sp\u00e9cificit\u00e9s<\/span><\/h2>\n<p>Le scout, la guide est le ou la jeune qui se lance dans l\u2019aventure. Il ou elle apprend petit \u00e0 petit \u00e0 \u00eatre autonome et \u00e0 devenir un baroudeur, quelqu\u2019un qui peut se lancer sur des chemins de plus en plus aventureux. Ainsi, il ou elle se pr\u00e9pare \u00e0 \u00eatre toujours pr\u00eat \u00e0 agir, \u00e0 aider et \u00e0 d\u00e9couvrir le monde. La Loi scoute est une r\u00e9f\u00e9rence pour lui, pour elle, cette Loi propose des attitudes et des valeurs vis-\u00e0-vis desquelles il peut s\u2019engager \u00e0 travers la Promesse.<\/p>\n<h2><span class=\"txtTitreSansFond\">Les lignes de force<\/span><\/h2>\n<p>La devise de notre troupe : \u00ab Castors au boulot \u00bb<br \/>\nLa Devise de la branche : \u00ab Toujours pr\u00eat \u00bb<\/p>\n<h2>La Loi<\/h2>\n<p style=\"padding-left: 180px;\">\u00ab La guide, le scout :<br \/>\n&#8211; Dit la v\u00e9rit\u00e9 et tient parole;<br \/>\n&#8211; Respecte les autres dans leurs convictions;<br \/>\n&#8211; Se rend utile;<br \/>\n&#8211; Travaille en \u00e9quipe, offre son amiti\u00e9;<br \/>\n&#8211; Fait preuve de courtoisie;<br \/>\n&#8211; Aime et prot\u00e8ge la nature;<br \/>\n&#8211; Sait ob\u00e9ir;<br \/>\n&#8211; Aime l&rsquo;effort et ne fait rien \u00e0 moiti\u00e9;<br \/>\n&#8211; Respecte le travail et le bien de tous;<br \/>\n&#8211; Reste ma\u00eetre de ses paroles, de ses actes, de ses pens\u00e9es. \u00bb<\/p>\n<h2><span class=\"txtTitreSansFond\">La Promesse<\/span><\/h2>\n<blockquote><p>\u00ab Je promets sur mon honneur de m&rsquo;efforcer de servir un Id\u00e9al \u00c9lev\u00e9, mon pays et l&rsquo;amiti\u00e9 entre les hommes; d&rsquo;aider mon prochain en toute occasion; de vivre la Loi du Scout. \u00bb<\/p><\/blockquote>\n<\/div>\n","protected":false},"excerpt":{"rendered":"<p>Le groupe\u00a0Skits (Scouts-Guides) La Troupe est le nom du groupe de scouts-guides qui ont entre 12 et 16 ans. Ils choisissent ensemble, avec l\u2019aide de leurs animateurs, les activit\u00e9s qu\u2019ils vont vivre ainsi que les r\u00e8gles de vie de leur groupe. Chaque scout fait partie d\u2019un groupe appel\u00e9 patrouille qui est un groupe de vie &#8230;<\/p>\n","protected":false},"author":1,"featured_media":0,"parent":15,"menu_order":0,"comment_status":"closed","ping_status":"closed","template":"","meta":{"_monsterinsights_skip_tracking":false,"_monsterinsights_sitenote_active":false,"_monsterinsights_sitenote_note":"","_monsterinsights_sitenote_category":0},"_links":{"self":[{"href":"http:\/\/66sgp.net\/wordpress\/wp-json\/wp\/v2\/pages\/297"}],"collection":[{"href":"http:\/\/66sgp.net\/wordpress\/wp-json\/wp\/v2\/pages"}],"about":[{"href":"http:\/\/66sgp.net\/wordpress\/wp-json\/wp\/v2\/types\/page"}],"author":[{"embeddable":true,"href":"http:\/\/66sgp.net\/wordpress\/wp-json\/wp\/v2\/users\/1"}],"replies":[{"embeddable":true,"href":"http:\/\/66sgp.net\/wordpress\/wp-json\/wp\/v2\/comments?post=297"}],"version-history":[{"count":6,"href":"http:\/\/66sgp.net\/wordpress\/wp-json\/wp\/v2\/pages\/297\/revisions"}],"predecessor-version":[{"id":1041,"href":"http:\/\/66sgp.net\/wordpress\/wp-json\/wp\/v2\/pages\/297\/revisions\/1041"}],"up":[{"embeddable":true,"href":"http:\/\/66sgp.net\/wordpress\/wp-json\/wp\/v2\/pages\/15"}],"wp:attachment":[{"href":"http:\/\/66sgp.net\/wordpress\/wp-json\/wp\/v2\/media?parent=297"}],"curies":[{"name":"wp","href":"https:\/\/api.w.org\/{rel}","templated":true}]}}