{"id":295,"date":"2017-02-15T12:55:09","date_gmt":"2017-02-15T11:55:09","guid":{"rendered":"http:\/\/66sgp.net\/wordpress\/?page_id=295"},"modified":"2020-01-07T00:39:12","modified_gmt":"2020-01-06T23:39:12","slug":"presentation","status":"publish","type":"page","link":"http:\/\/66sgp.net\/wordpress\/loup\/presentation\/","title":{"rendered":"Pr\u00e9sentation"},"content":{"rendered":"<div class=\"entry\">\n<h2 class=\"txtCourantNoir\"><img loading=\"lazy\" class=\"size-full wp-image-81 alignright\" src=\"http:\/\/66sgp.net\/wordpress\/wp-content\/uploads\/2016\/11\/lou_logo.gif\" alt=\"lou_logo\" width=\"150\" height=\"100\" \/>MEUTE DE TH\u00c2<\/h2>\n<p class=\"p2\">La section \u00ab\u00a0louveteaux\u00a0\u00bb regroupe les enfants de notre mouvement de jeunesse de 8 \u00e0 12 ans. Nous appelons ce groupe <b>Meute de Th\u00e2. <\/b>Celui-ci est divis\u00e9 en <b>sizaines<\/b> m\u00e9langeant les sizeniers, seconds et petits louveteaux, les chefs \u00e9tant les vieux-loups.<\/p>\n<h2 class=\"txtCourantNoir\"><span class=\"txtTitreSansFond\">Cris de sizaines<br \/>\n<\/span><\/h2>\n<p class=\"p1\">Andalouse &#8211; Les Andalouses vous font bouffer de la &#8211; bouse<br \/>\nBrazil &#8211; Les Brazil tirent dans le &#8211; mille<br \/>\nTartares &#8211; Les tartares &#8211; sont des barbares<br \/>\nB\u00e9arnaise &#8211; Les b\u00e9arnaises sont ba &#8211; laises<br \/>\nDallas &#8211; Les Dallas sont les plus &#8211; classes<br \/>\nSamoura\u00ef &#8211; Avec la Samoura\u00ef on vous &#8211; graille<\/p>\n<h2 class=\"txtCourantNoir\"><span class=\"txtTitreSansFond\"><img loading=\"lazy\" class=\"size-full wp-image-82 alignleft\" src=\"http:\/\/66sgp.net\/wordpress\/wp-content\/uploads\/2016\/11\/ph_bandeau_lou.jpg\" alt=\"ph_bandeau_lou\" width=\"150\" height=\"800\" srcset=\"http:\/\/66sgp.net\/wordpress\/wp-content\/uploads\/2016\/11\/ph_bandeau_lou.jpg 150w, http:\/\/66sgp.net\/wordpress\/wp-content\/uploads\/2016\/11\/ph_bandeau_lou-56x300.jpg 56w\" sizes=\"(max-width: 150px) 100vw, 150px\" \/><\/span><\/h2>\n<p class=\"txtCourantNoir\"><b>Les r\u00e9unions<\/b> se passent les dimanches de 10h \u00e0 17h. Commen\u00e7ant la journ\u00e9e par le carr\u00e9, un rassemblement ordonn\u00e9, nous partons \u00e0 l&rsquo;aventure en plein air. Nos activit\u00e9s tournent autour de 5 buts principaux : le d\u00e9veloppement de la personnalit\u00e9, du sens pratique, social, physique, spirituel et enfin \u00e9motionnel et affectif.<\/p>\n<p class=\"p1\">En plus des r\u00e9unions hebdomadaires, plusieurs <b>camps<\/b> se font tout au long de l&rsquo;ann\u00e9e. En commen\u00e7ant par <b>le camp de passage, <\/b>les plus \u00e2g\u00e9s de chaque section montent dans la section sup\u00e9rieure. Le <b>camp de Toussaint<\/b> et le <b>camp de carnaval<\/b> se passent durant les vacances scolaires. Et nous terminons l&rsquo;ann\u00e9e et le projet p\u00e9dagogique au tant attendu <b>grand camp.<\/b><\/p>\n<h5 class=\"p1\"><strong>La devise de nos loups : <span style=\"color: #800000;\">\u00ab\u00a0De notre mieux!\u00a0\u00bb<\/span><\/strong><\/h5>\n<p class=\"p1\">Le <b>pelage louveteau,<\/b> constitu\u00e9 d&rsquo;un foulard de la couleur de notre unit\u00e9 (<span style=\"color: #800000;\">bordeau<\/span>) et d&rsquo;une magnifique chemise grise bleut\u00e9, doit \u00eatre port\u00e9 aux r\u00e9unions et aux camps. C&rsquo;est sur sa chemise que le louveteaux pourra concr\u00e9tiser son avanc\u00e9e dans la meute. En recevant \u00e0 son premier camp la <b>patte tendre<\/b>, ce louveteaux est int\u00e9gr\u00e9 \u00e0 la meute. Quelques ann\u00e9es plus tard il peut recevoir un <b>premier \u0153il <\/b>signifiant la compr\u00e9hension et l&rsquo;int\u00e9gration des rites, c\u00e9r\u00e9monies, activit\u00e9s que l&rsquo;on fait en groupe. Et enfin un <b>deuxi\u00e8me \u0153il<\/b> pourra s&rsquo;ouvrir, car en plus de vivre avec le groupe, le louveteau partage ses connaissances avec les plus jeunes.<\/p>\n<p class=\"p1\">Le <b>gibier<\/b> est un projet personnel accessible aux louveteaux ayant d\u00e9j\u00e0 ouvert un \u0153il sur le monde merveilleux des louveteaux.<\/p>\n<p class=\"p1\">Cette ann\u00e9e, 4 louveteaux ont d\u00e9cid\u00e9 de partir \u00e0 la chasse pour ramener du gibier \u00e0 la meute. Ainsi, la cuisine sur feu de bois, les constellations, les plantes comestibles et les premiers secours n&rsquo;auront plus aucun secret pour notre meute.<\/p>\n<\/div>\n","protected":false},"excerpt":{"rendered":"<p>MEUTE DE TH\u00c2 La section \u00ab\u00a0louveteaux\u00a0\u00bb regroupe les enfants de notre mouvement de jeunesse de 8 \u00e0 12 ans. Nous appelons ce groupe Meute de Th\u00e2. Celui-ci est divis\u00e9 en sizaines m\u00e9langeant les sizeniers, seconds et petits louveteaux, les chefs \u00e9tant les vieux-loups. Cris de sizaines Andalouse &#8211; Les Andalouses vous font bouffer de la &#8230;<\/p>\n","protected":false},"author":1,"featured_media":0,"parent":9,"menu_order":0,"comment_status":"closed","ping_status":"closed","template":"","meta":{"_monsterinsights_skip_tracking":false,"_monsterinsights_sitenote_active":false,"_monsterinsights_sitenote_note":"","_monsterinsights_sitenote_category":0},"_links":{"self":[{"href":"http:\/\/66sgp.net\/wordpress\/wp-json\/wp\/v2\/pages\/295"}],"collection":[{"href":"http:\/\/66sgp.net\/wordpress\/wp-json\/wp\/v2\/pages"}],"about":[{"href":"http:\/\/66sgp.net\/wordpress\/wp-json\/wp\/v2\/types\/page"}],"author":[{"embeddable":true,"href":"http:\/\/66sgp.net\/wordpress\/wp-json\/wp\/v2\/users\/1"}],"replies":[{"embeddable":true,"href":"http:\/\/66sgp.net\/wordpress\/wp-json\/wp\/v2\/comments?post=295"}],"version-history":[{"count":4,"href":"http:\/\/66sgp.net\/wordpress\/wp-json\/wp\/v2\/pages\/295\/revisions"}],"predecessor-version":[{"id":1042,"href":"http:\/\/66sgp.net\/wordpress\/wp-json\/wp\/v2\/pages\/295\/revisions\/1042"}],"up":[{"embeddable":true,"href":"http:\/\/66sgp.net\/wordpress\/wp-json\/wp\/v2\/pages\/9"}],"wp:attachment":[{"href":"http:\/\/66sgp.net\/wordpress\/wp-json\/wp\/v2\/media?parent=295"}],"curies":[{"name":"wp","href":"https:\/\/api.w.org\/{rel}","templated":true}]}}