{"id":277,"date":"2017-02-13T12:50:33","date_gmt":"2017-02-13T11:50:33","guid":{"rendered":"http:\/\/66sgp.net\/wordpress\/?page_id=277"},"modified":"2017-10-15T20:05:01","modified_gmt":"2017-10-15T18:05:01","slug":"presentation","status":"publish","type":"page","link":"http:\/\/66sgp.net\/wordpress\/castors\/presentation\/","title":{"rendered":"Pr\u00e9sentation"},"content":{"rendered":"<div class=\"entry\">\n<p><img loading=\"lazy\" class=\"size-full wp-image-83 alignleft\" src=\"http:\/\/66sgp.net\/wordpress\/wp-content\/uploads\/2016\/11\/ph_bandeau_cast.jpg\" alt=\"\" width=\"150\" height=\"450\" srcset=\"http:\/\/66sgp.net\/wordpress\/wp-content\/uploads\/2016\/11\/ph_bandeau_cast.jpg 150w, http:\/\/66sgp.net\/wordpress\/wp-content\/uploads\/2016\/11\/ph_bandeau_cast-100x300.jpg 100w\" sizes=\"(max-width: 150px) 100vw, 150px\" \/><img loading=\"lazy\" class=\"alignright size-full wp-image-84\" src=\"http:\/\/66sgp.net\/wordpress\/wp-content\/uploads\/2016\/11\/cast_logo.gif\" alt=\"\" width=\"150\" height=\"100\" \/><span class=\"txtCourantNoir\">Chers parents,<\/span><br \/>\nEn 2011, nous avons d\u00e9cid\u00e9 de lancer une <strong>section Castor qui s\u2019ouvre aux enfants \u00e2g\u00e9s de 5 \u00e0 7 ans.<br \/>\nLes r\u00e9unions se d\u00e9roulent le dimanche de 13 \u00e0 17 heures.<br \/>\n<\/strong>Pour ceux que cela int\u00e9resse, merci de nous le signaler rapidement afin que nous puissions vous livrer toutes les modalit\u00e9s concr\u00e8tes d\u2019inscription.<br \/>\n<strong>Pour plus d&rsquo;infos :<\/strong> <a href=\"mailto:k.stors66@gmail.com\">k.stors66@gmail.com<\/a><\/p>\n<p class=\"txtCourantNoir\"><strong>unit\u00e966@gmail.com<\/strong><\/p>\n<figure id=\"attachment_281\" aria-describedby=\"caption-attachment-281\" style=\"width: 107px\" class=\"wp-caption alignleft\"><img loading=\"lazy\" class=\"wp-image-281\" src=\"http:\/\/66sgp.net\/wordpress\/wp-content\/uploads\/2017\/02\/facebook-icon-preview-1.png\" width=\"107\" height=\"107\" srcset=\"http:\/\/66sgp.net\/wordpress\/wp-content\/uploads\/2017\/02\/facebook-icon-preview-1.png 512w, http:\/\/66sgp.net\/wordpress\/wp-content\/uploads\/2017\/02\/facebook-icon-preview-1-150x150.png 150w, http:\/\/66sgp.net\/wordpress\/wp-content\/uploads\/2017\/02\/facebook-icon-preview-1-300x300.png 300w\" sizes=\"(max-width: 107px) 100vw, 107px\" \/><figcaption id=\"caption-attachment-281\" class=\"wp-caption-text\">Les castors sont \u00e9galement pr\u00e9sents sur Facebook<\/figcaption><\/figure>\n<p class=\"txtCourantNoir\">\n<p>&nbsp;<\/p>\n<\/div>\n","protected":false},"excerpt":{"rendered":"<p>Chers parents, En 2011, nous avons d\u00e9cid\u00e9 de lancer une section Castor qui s\u2019ouvre aux enfants \u00e2g\u00e9s de 5 \u00e0 7 ans. Les r\u00e9unions se d\u00e9roulent le dimanche de 13 \u00e0 17 heures. Pour ceux que cela int\u00e9resse, merci de nous le signaler rapidement afin que nous puissions vous livrer toutes les modalit\u00e9s concr\u00e8tes d\u2019inscription. &#8230;<\/p>\n","protected":false},"author":1,"featured_media":0,"parent":7,"menu_order":0,"comment_status":"closed","ping_status":"closed","template":"","meta":{"_monsterinsights_skip_tracking":false,"_monsterinsights_sitenote_active":false,"_monsterinsights_sitenote_note":"","_monsterinsights_sitenote_category":0},"_links":{"self":[{"href":"http:\/\/66sgp.net\/wordpress\/wp-json\/wp\/v2\/pages\/277"}],"collection":[{"href":"http:\/\/66sgp.net\/wordpress\/wp-json\/wp\/v2\/pages"}],"about":[{"href":"http:\/\/66sgp.net\/wordpress\/wp-json\/wp\/v2\/types\/page"}],"author":[{"embeddable":true,"href":"http:\/\/66sgp.net\/wordpress\/wp-json\/wp\/v2\/users\/1"}],"replies":[{"embeddable":true,"href":"http:\/\/66sgp.net\/wordpress\/wp-json\/wp\/v2\/comments?post=277"}],"version-history":[{"count":4,"href":"http:\/\/66sgp.net\/wordpress\/wp-json\/wp\/v2\/pages\/277\/revisions"}],"predecessor-version":[{"id":283,"href":"http:\/\/66sgp.net\/wordpress\/wp-json\/wp\/v2\/pages\/277\/revisions\/283"}],"up":[{"embeddable":true,"href":"http:\/\/66sgp.net\/wordpress\/wp-json\/wp\/v2\/pages\/7"}],"wp:attachment":[{"href":"http:\/\/66sgp.net\/wordpress\/wp-json\/wp\/v2\/media?parent=277"}],"curies":[{"name":"wp","href":"https:\/\/api.w.org\/{rel}","templated":true}]}}