{"id":26,"date":"2016-11-05T12:29:16","date_gmt":"2016-11-05T11:29:16","guid":{"rendered":"http:\/\/66sgp.net\/wordpress\/?page_id=26"},"modified":"2017-10-15T20:05:01","modified_gmt":"2017-10-15T18:05:01","slug":"historique","status":"publish","type":"page","link":"http:\/\/66sgp.net\/wordpress\/a-propos\/historique\/","title":{"rendered":"Historique"},"content":{"rendered":"<div class=\"entry\">\n<h2>Introduction<\/h2>\n<p>Qui n&rsquo;a pas entendu parler de Baden-Powell ?<\/p>\n<p>Un anglais, militaire de surcro\u00eet, a une intuition g\u00e9niale: et si on faisait simplement confiance aux adolescents? Et si on leur donnait le go\u00fbt de l&rsquo;aventure, du d\u00e9passement de soi, de l&rsquo;int\u00e9r\u00eat et de la vie en commun? Apr\u00e8s une exp\u00e9rience de camp d&rsquo;\u00e9t\u00e9 sur l&rsquo;\u00eele de Brownsea (Grande-Bretagne) en juillet 1907 avec 24 jeunes, il \u00e9crit de petits livrets qui seront regroup\u00e9s l&rsquo;ann\u00e9e suivante sous forme d&rsquo;un livre \u00ab\u00a0Scouting for Boys\u00a0\u00bb. Ce livre, \u00ab\u00a0Eclaireurs\u00a0\u00bb, en fran\u00e7ais, se diffuse partout dans le monde et, spontan\u00e9ment, des jeunes se r\u00e9unissent pour commencer cette aventure. C&rsquo;est ainsi qu&rsquo;en 1909, des scouts apparaissent en Belgique et se structurent en association l&rsquo;ann\u00e9e suivante.<\/p>\n<p>Le scoutisme pluraliste est n\u00e9 en 1910, nous nous appelions alors les \u00ab\u00a0Boys-Scouts de Belgique &#8211; B.S.B.\u00a0\u00bb. Neuf ans plus tard naissaient les \u00ab\u00a0Girls-Guides de Belgique &#8211; G.G.B.\u00a0\u00bb, \u00e9galement pluralistes. (C\u2019est en 1919 que fut cr\u00e9\u00e9e la Troupe du Hibou Rouge. Celle-ci fut agr\u00e9\u00e9e en juin 1920, sous le matricule 66 de l\u2019association des B.S.B.) Les deux associations \u00ab\u00a0Boys-Scouts de Belgique &#8211; B.S.B.\u00a0\u00bb et les \u00ab\u00a0Girls-Guides de Belgique &#8211; G.G.B.\u00a0\u00bb, \u00e9galement se sont unies en 1945 pour cr\u00e9er le BSB-GGB, mixte et bilingue. En 1966, r\u00e9forme de l&rsquo;Etat oblige, les BSB-GCB donnaient naissance \u00e0 deux f\u00e9d\u00e9rations, l&rsquo;une n\u00e9erlandophone, la Federatie voor Open Scoutisme (La F.O.S.), l&rsquo;autre francophone, la F\u00e9d\u00e9ration des Eclaireuses et Eclaireurs (La F.E.E.) En 1992, afin de mieux affirmer son identit\u00e9, la F\u00e9d\u00e9ration des Eclaireuses et Eclaireurs change de nom et devient les Scouts et guides Pluralistes de Belgique (S.G.P.)<\/p>\n<p>Il y a plus de 25 millions de scouts dans le monde, jeunes et adultes, gar\u00e7ons et filles, dans 216 pays et territoires. Quelque 300 millions de personnes, comprenant des personnalit\u00e9s de tous domaines, ont \u00e9t\u00e9 scouts. il l&rsquo;est aujourd&rsquo;hui &#8211; le plus grand Mouvement de jeunes b\u00e9n\u00e9voles du monde.<\/p>\n<h2>68\u00e8me BSB<\/h2>\n<p>C&rsquo;est en pleine guerre que naquit cette unit\u00e9.<\/p>\n<p>Alors que les nazis avaient ordonn\u00e9 la dissolution de tous les mouvements de jeunes, paradoxe, la 66e prend de l&rsquo;ampleur.<br \/>\nDes routiers du Clan des N\u00fbtons renforcent les cadres de la meute et de la troupe pour faire face \u00e0 l&rsquo;augmentation des effectifs. Les activit\u00e9s se poursuivent au nez et \u00e0 la barbe de l&rsquo;occupant.<br \/>\nSi le camping est interdit, les scouts trouvent le g\u00eete dans des maisons priv\u00e9es ou dans des granges.<br \/>\nQue de rendez\u00advous clandestins o\u00f9 chacun se rendait l&rsquo;uniforme roul\u00e9 sous le bras !<\/p>\n<p>Devant l&rsquo;afflux des affectifs, la 66e se d\u00e9double, et le 26 avril 1942, sa petite soeur, la 68e prend son essor. Raoul Huberty et Boby Nahrath mettent sur pieds les patrouilles de la nouvelle troupe de l&rsquo;Epervier Tenace, les Sangliers, H\u00e9rissons et Ramiers.<\/p>\n<p>Par la suite d&rsquo;autres a\u00een\u00e9s de la 66e prennent le relais pour encadrer la 68e troupe, ainsi que-la meute de la Fleur Rouge, cr\u00e9\u00e9e \u00e0 son tour. On se souvient de Gilbert Kinoo, Lulu Tordoir, Delphe Vandercammen, Roland Gerard, Adrien Mannerie, en fonction jusqu&rsquo;\u00e0 la fin de l&rsquo;occupation allemande.<br \/>\nD\u00e8s la lib\u00e9ration les activit\u00e9s red\u00e9marrent \u00e0 ciel ouvert.<br \/>\nDe nouvelles g\u00e9n\u00e9rations de chefs prennent la rel\u00e8ve, Albert Vanbever, Emile Toe\u00adbosch, Madeleine Ranbotijn, Germaine et Raymonde Warnier, Edouard Klein, Marie-Jeanne Van Nuys etc.<br \/>\nNotons en passant, en 1946 un grand camp de la troupe dans le Jura (CT.Vanbever), un grand camp en Belgique conjointement avec une troupe de Gen\u00e8ve en 1948 (CT. Didier Froment &#8211; CT. suisse Jean Pierre Paunier) et la victoire de la patrouille des H\u00e9rissons (CP. Pierre Volkaerts) au D.E. r\u00e9gional de 1951.<\/p>\n<p>En 1952, les comit\u00e9s de parents et les Anciens des deux unit\u00e9s \u00e9rigent des locaux en dur avenue Cambier. Mais les effectifs s&rsquo;amenuisent, ph\u00e9nom\u00e8ne g\u00e9n\u00e9ralis\u00e9 \u00e0 toutes les associations scoutes. Vingt ans plus tard, la 66e r\u00e9sorbe la 68e, poursuivant gaillardement sa route jusqu&rsquo;\u00e0 nos jours.<br \/>\nMais, juste retour des choses, Raymonde Warnier, ex CM 68e, devint C.U. de la 66e.<\/p>\n<p>Alors tu comprends pourquoi, notre Amicale regroupe si bien dans une m\u00eame communaut\u00e9 d&rsquo;esprit, les Anciens de ces deux v\u00e9n\u00e9rables unit\u00e9s, 66 et 68.<\/p>\n<h2>Souvenirs du scoutisme sous l&rsquo;occupation<\/h2>\n<p>Deux amis, Crahay et Mornard, routiers \u00e0 la 66e B.S.B, cantonnaient, en ce d\u00e9but d&rsquo;\u00e9t\u00e9 1944, au domaine B. SB deTourneppe. Crahay, souffrant d&rsquo; une d\u00e9formation des pieds, boitait et se d\u00e9pla\u00e7ait difficilement.<\/p>\n<p>Un matin, la Feldpolizei d\u00e9barque au domaine, perquisitionne dans les chalets et y d\u00e9couvre quelques fusils de chasse. Nos deux amis, qui n&rsquo;\u00e9taient absolument pas concern\u00e9s par ces armes, sont imm\u00e9diatement arr\u00eat\u00e9s et emprisonn\u00e9s \u00e0 Bruxelles.<br \/>\nEn ao\u00fbt 44, en fonction de l&rsquo;avance des arm\u00e9es alli\u00e9es, nos deux routiers sont embarqu\u00e9s dans les wagons \u00e0 bestiaux d&rsquo;un des derniers convois de prisonniers \u00e9vacu\u00e9s vers l&rsquo;Allemagne.<br \/>\nSuite aux bombardements anglo-am\u00e9ricains, le convoi, est fr\u00e9quemment stopp\u00e9 et se trouve ainsi immobilis\u00e9 durant un certain temps dans la campagne hollandaise. Les compagnons de voyage de nos amis \u00e9tant parvenus \u00e0 desceller une partie du plancher de leur wagon, profitent de cet arr\u00eat pour s&rsquo;\u00e9vader.<br \/>\nL&rsquo;ami Crahay, suite \u00e0 son handicap, ne pouvant s&rsquo;\u00e9chapper, Mornard d\u00e9cide de rester aupr\u00e8s de son compagnon et de partager son sort. Lorsque, \u00e0 la fin de l&rsquo;alerte, les allemands d\u00e9couvrent que la majorit\u00e9 des prisonniers a disparu, ils s&#8217;emparent de nos deux amis et les abattent froidement sur place.<br \/>\nLa 66e B.S.B a pay\u00e9 un lourd tribut \u00e0 la guerre. Max Goudschmid, ancien C.T. est assassin\u00e9 par la gestapo en 1943; V\u00e9ga est fusille en 1942 \u00e0 l&rsquo;\u00e2ge de 17 ans pour faits de r\u00e9sistance, tandis que Posnansky, qui s&rsquo;\u00e9tait pr\u00e9sent\u00e9 \u00e0 la gestapo en esp\u00e9rant obtenir ainsi la lib\u00e9ration de sa m\u00e8re, meurt tout comme elle dans une chambre a gaz.<\/p>\n<p>Si les anciens de la 66e B.S.B du temps de guerre, r\u00e9unis depuis 45 ans au sein de l&rsquo;ARA-QUI-RIT leur amicale, sont particuli\u00e8rement sensibles au sentiment de solidarit\u00e9, les circonstances dans lesquelles ils ont v\u00e9cu leur scoutisme n&rsquo;y sont certainement pas \u00e9trang\u00e8res.<\/p>\n<p>Jean Vanbergen<\/p>\n<p><a href=\"http:\/\/66sgp.net\/wordpress\/wp-content\/uploads\/2016\/11\/bal_1949_640X480.jpg\"><img loading=\"lazy\" class=\"alignnone wp-image-29 size-medium\" src=\"http:\/\/66sgp.net\/wordpress\/wp-content\/uploads\/2016\/11\/bal_1949_640X480-300x240.jpg\" alt=\"bal_1949_640x480\" width=\"300\" height=\"240\" srcset=\"http:\/\/66sgp.net\/wordpress\/wp-content\/uploads\/2016\/11\/bal_1949_640X480-300x240.jpg 300w, http:\/\/66sgp.net\/wordpress\/wp-content\/uploads\/2016\/11\/bal_1949_640X480.jpg 640w\" sizes=\"(max-width: 300px) 100vw, 300px\" \/><\/a>\u00a0Affiche du bal de la 66e BSB de 1949<\/p>\n<\/div>\n","protected":false},"excerpt":{"rendered":"<p>Introduction Qui n&rsquo;a pas entendu parler de Baden-Powell ? Un anglais, militaire de surcro\u00eet, a une intuition g\u00e9niale: et si on faisait simplement confiance aux adolescents? Et si on leur donnait le go\u00fbt de l&rsquo;aventure, du d\u00e9passement de soi, de l&rsquo;int\u00e9r\u00eat et de la vie en commun? Apr\u00e8s une exp\u00e9rience de camp d&rsquo;\u00e9t\u00e9 sur l&rsquo;\u00eele &#8230;<\/p>\n","protected":false},"author":1,"featured_media":0,"parent":33,"menu_order":6,"comment_status":"closed","ping_status":"closed","template":"","meta":{"_monsterinsights_skip_tracking":false,"_monsterinsights_sitenote_active":false,"_monsterinsights_sitenote_note":"","_monsterinsights_sitenote_category":0},"_links":{"self":[{"href":"http:\/\/66sgp.net\/wordpress\/wp-json\/wp\/v2\/pages\/26"}],"collection":[{"href":"http:\/\/66sgp.net\/wordpress\/wp-json\/wp\/v2\/pages"}],"about":[{"href":"http:\/\/66sgp.net\/wordpress\/wp-json\/wp\/v2\/types\/page"}],"author":[{"embeddable":true,"href":"http:\/\/66sgp.net\/wordpress\/wp-json\/wp\/v2\/users\/1"}],"replies":[{"embeddable":true,"href":"http:\/\/66sgp.net\/wordpress\/wp-json\/wp\/v2\/comments?post=26"}],"version-history":[{"count":5,"href":"http:\/\/66sgp.net\/wordpress\/wp-json\/wp\/v2\/pages\/26\/revisions"}],"predecessor-version":[{"id":215,"href":"http:\/\/66sgp.net\/wordpress\/wp-json\/wp\/v2\/pages\/26\/revisions\/215"}],"up":[{"embeddable":true,"href":"http:\/\/66sgp.net\/wordpress\/wp-json\/wp\/v2\/pages\/33"}],"wp:attachment":[{"href":"http:\/\/66sgp.net\/wordpress\/wp-json\/wp\/v2\/media?parent=26"}],"curies":[{"name":"wp","href":"https:\/\/api.w.org\/{rel}","templated":true}]}}